{"id":8236,"date":"2025-06-15T17:32:07","date_gmt":"2025-06-15T07:32:07","guid":{"rendered":"https:\/\/digifort.global\/aeroports\/"},"modified":"2025-11-06T19:31:17","modified_gmt":"2025-11-06T08:31:17","slug":"aeroports","status":"publish","type":"page","link":"https:\/\/digifort.global\/fr\/verticales\/aeroports\/","title":{"rendered":"A\u00e9roports"},"content":{"rendered":"\t\t<div data-elementor-type=\"wp-page\" data-elementor-id=\"8236\" class=\"elementor elementor-8236 elementor-5934\" data-elementor-post-type=\"page\">\n\t\t\t\t<div class=\"elementor-element elementor-element-cff6ef8 e-flex e-con-boxed e-con e-parent\" data-id=\"cff6ef8\" data-element_type=\"container\" data-e-type=\"container\" data-settings=\"{&quot;background_background&quot;:&quot;classic&quot;,&quot;shape_divider_bottom&quot;:&quot;tilt&quot;,&quot;background_motion_fx_motion_fx_mouse&quot;:&quot;yes&quot;}\">\n\t\t\t\t\t<div class=\"e-con-inner\">\n\t\t\t\t<div class=\"elementor-shape elementor-shape-bottom\" aria-hidden=\"true\" data-negative=\"false\">\n\t\t\t<svg xmlns=\"http:\/\/www.w3.org\/2000\/svg\" viewBox=\"0 0 1000 100\" preserveAspectRatio=\"none\">\n\t<path class=\"elementor-shape-fill\" d=\"M0,6V0h1000v100L0,6z\"\/>\n<\/svg>\t\t<\/div>\n\t\t<div class=\"elementor-element elementor-element-17176be e-con-full e-flex e-con e-child\" data-id=\"17176be\" data-element_type=\"container\" data-e-type=\"container\">\n\t\t\t\t<div class=\"elementor-element elementor-element-bd6d471 animated-slow elementor-invisible elementor-widget elementor-widget-heading\" data-id=\"bd6d471\" data-element_type=\"widget\" data-e-type=\"widget\" data-settings=\"{&quot;_animation&quot;:&quot;fadeInUp&quot;}\" data-widget_type=\"heading.default\">\n\t\t\t\t<div class=\"elementor-widget-container\">\n\t\t\t\t\t<h2 class=\"elementor-heading-title elementor-size-default\">Digifort pour les a\u00e9roports<\/h2>\t\t\t\t<\/div>\n\t\t\t\t<\/div>\n\t\t\t\t<div class=\"elementor-element elementor-element-2dc3dc5 animated-slow elementor-invisible elementor-widget elementor-widget-text-editor\" data-id=\"2dc3dc5\" data-element_type=\"widget\" data-e-type=\"widget\" data-settings=\"{&quot;_animation&quot;:&quot;fadeInUp&quot;}\" data-widget_type=\"text-editor.default\">\n\t\t\t\t<div class=\"elementor-widget-container\">\n\t\t\t\t\t\t\t\t\tAssurer l&rsquo;avenir du transport a\u00e9rien avec Digifort\t\t\t\t\t\t\t\t<\/div>\n\t\t\t\t<\/div>\n\t\t\t\t<\/div>\n\t\t\t\t\t<\/div>\n\t\t\t\t<\/div>\n\t\t<div class=\"elementor-element elementor-element-4c2f6cb animated-slow e-flex e-con-boxed elementor-invisible e-con e-parent\" data-id=\"4c2f6cb\" data-element_type=\"container\" data-e-type=\"container\" data-settings=\"{&quot;animation&quot;:&quot;fadeIn&quot;}\">\n\t\t\t\t\t<div class=\"e-con-inner\">\n\t\t\t\t<div class=\"elementor-element elementor-element-437cc6b elementor-widget elementor-widget-heading\" data-id=\"437cc6b\" data-element_type=\"widget\" data-e-type=\"widget\" data-widget_type=\"heading.default\">\n\t\t\t\t<div class=\"elementor-widget-container\">\n\t\t\t\t\t<h2 class=\"elementor-heading-title elementor-size-default\">Les a\u00e9roports \u00e9voluent, votre s\u00e9curit\u00e9 aussi<\/h2>\t\t\t\t<\/div>\n\t\t\t\t<\/div>\n\t\t\t\t<div class=\"elementor-element elementor-element-7f016f7 elementor-widget elementor-widget-text-editor\" data-id=\"7f016f7\" data-element_type=\"widget\" data-e-type=\"widget\" data-widget_type=\"text-editor.default\">\n\t\t\t\t<div class=\"elementor-widget-container\">\n\t\t\t\t\t\t\t\t\t<p>Les a\u00e9roports d&rsquo;aujourd&rsquo;hui sont plus que de simples centres de transit, ce sont des environnements dynamiques et tr\u00e8s fr\u00e9quent\u00e9s o\u00f9 se m\u00ealent le transport, le commerce, l&rsquo;h\u00f4tellerie et la technologie. Les passagers attendent des exp\u00e9riences efficaces et sans stress qui vont au-del\u00e0 des portes d&#8217;embarquement pour inclure la restauration, le shopping et la d\u00e9tente. <\/p>\n<p>Pour ce faire, les a\u00e9roports doivent garder une longueur d&rsquo;avance sur les complexit\u00e9s croissantes en adoptant une plateforme unifi\u00e9e qui rassemble la s\u00e9curit\u00e9, les op\u00e9rations et la conformit\u00e9 au sein d&rsquo;une strat\u00e9gie puissante. C&rsquo;est l\u00e0 que Digifort ISMS entre en jeu. <\/p>\t\t\t\t\t\t\t\t<\/div>\n\t\t\t\t<\/div>\n\t\t\t\t<div class=\"elementor-element elementor-element-a4f7897 elementor-widget elementor-widget-heading\" data-id=\"a4f7897\" data-element_type=\"widget\" data-e-type=\"widget\" data-widget_type=\"heading.default\">\n\t\t\t\t<div class=\"elementor-widget-container\">\n\t\t\t\t\t<h2 class=\"elementor-heading-title elementor-size-default\">Construit pour la r\u00e9silience : Protection contre les menaces physiques et cybern\u00e9tiques<\/h2>\t\t\t\t<\/div>\n\t\t\t\t<\/div>\n\t\t\t\t<div class=\"elementor-element elementor-element-33418e8 elementor-widget elementor-widget-text-editor\" data-id=\"33418e8\" data-element_type=\"widget\" data-e-type=\"widget\" data-widget_type=\"text-editor.default\">\n\t\t\t\t<div class=\"elementor-widget-container\">\n\t\t\t\t\t\t\t\t\t<p>Les a\u00e9roports sont confront\u00e9s \u00e0 un paysage de menaces en constante \u00e9volution, allant des drones et des intrusions aux cyberattaques et au sabotage des infrastructures. L&rsquo;architecture flexible et \u00e9volutive de Digifort vous permet de : <\/p><ul><li>D\u00e9tectez et r\u00e9pondez aux menaces \u00e9mergentes gr\u00e2ce \u00e0 l&rsquo;analyse vid\u00e9o pilot\u00e9e par l&rsquo;IA<\/li><li>S\u00e9curisation contre les attaques au niveau du r\u00e9seau gr\u00e2ce au chiffrement de bout en bout et aux contr\u00f4les d&rsquo;authentification<\/li><li>Maintenez des op\u00e9rations 24 heures sur 24 et 7 jours sur 7 gr\u00e2ce \u00e0 des serveurs de basculement, une synchronisation automatique et des capacit\u00e9s d&rsquo;autor\u00e9paration.<\/li><\/ul><p> <\/p><p>Notre plateforme s&rsquo;adapte \u00e0 l&rsquo;\u00e9volution des besoins de votre a\u00e9roport en mati\u00e8re de s\u00e9curit\u00e9, sans compromettre la stabilit\u00e9 ou les performances.<\/p><p>\u00cates-vous s\u00fbr que votre syst\u00e8me actuel peut s&rsquo;adapter aux nouvelles menaces en temps r\u00e9el ?<\/p>\t\t\t\t\t\t\t\t<\/div>\n\t\t\t\t<\/div>\n\t\t\t\t<div class=\"elementor-element elementor-element-ee7069a elementor-widget elementor-widget-heading\" data-id=\"ee7069a\" data-element_type=\"widget\" data-e-type=\"widget\" data-widget_type=\"heading.default\">\n\t\t\t\t<div class=\"elementor-widget-container\">\n\t\t\t\t\t<h2 class=\"elementor-heading-title elementor-size-default\">Connecter les syst\u00e8mes, \u00e9liminer les silos<\/h2>\t\t\t\t<\/div>\n\t\t\t\t<\/div>\n\t\t\t\t<div class=\"elementor-element elementor-element-f7929a1 elementor-widget elementor-widget-text-editor\" data-id=\"f7929a1\" data-element_type=\"widget\" data-e-type=\"widget\" data-widget_type=\"text-editor.default\">\n\t\t\t\t<div class=\"elementor-widget-container\">\n\t\t\t\t\t\t\t\t\tAlors que de nombreux a\u00e9roports ont modernis\u00e9 les services aux passagers (comme les kiosques et les portes en libre-service), leurs syst\u00e8mes de s\u00e9curit\u00e9 restent souvent fragment\u00e9s, isolant des donn\u00e9es pr\u00e9cieuses comme les images de surveillance, les journaux d&rsquo;alarme et les perspectives op\u00e9rationnelles.\n\nDigifort Smart Connect comble cette lacune en s&rsquo;int\u00e9grant \u00e0 des syst\u00e8mes tiers, tels que le contr\u00f4le d&rsquo;acc\u00e8s, la GTB, les capteurs IoT et les panneaux d&rsquo;incendie, pour permettre une collaboration en temps r\u00e9el et une prise de d\u00e9cision automatis\u00e9e dans l&rsquo;ensemble de vos op\u00e9rations a\u00e9roportuaires.\t\t\t\t\t\t\t\t<\/div>\n\t\t\t\t<\/div>\n\t\t\t\t<div class=\"elementor-element elementor-element-d7579f5 elementor-widget elementor-widget-heading\" data-id=\"d7579f5\" data-element_type=\"widget\" data-e-type=\"widget\" data-widget_type=\"heading.default\">\n\t\t\t\t<div class=\"elementor-widget-container\">\n\t\t\t\t\t<h2 class=\"elementor-heading-title elementor-size-default\">Transformer l'infrastructure de s\u00e9curit\u00e9 en un atout strat\u00e9gique<\/h2>\t\t\t\t<\/div>\n\t\t\t\t<\/div>\n\t\t\t\t<div class=\"elementor-element elementor-element-65e37fd elementor-widget elementor-widget-text-editor\" data-id=\"65e37fd\" data-element_type=\"widget\" data-e-type=\"widget\" data-widget_type=\"text-editor.default\">\n\t\t\t\t<div class=\"elementor-widget-container\">\n\t\t\t\t\t\t\t\t\t<p>De la gestion des op\u00e9rations sur les pistes \u00e0 la dotation en personnel des terminaux, les a\u00e9roports s&rsquo;appuient sur des mesures de performance pour guider leurs d\u00e9cisions. Digifort transforme votre infrastructure de surveillance en un centre de commandement riche en donn\u00e9es qui vous aide : <\/p><ul><li>Surveillez les flux de foule, le temps d&rsquo;attente et la densit\u00e9 des personnes gr\u00e2ce \u00e0 l&rsquo;analyse neuronale.<\/li><li>Suivez les mouvements des v\u00e9hicules gr\u00e2ce \u00e0 la reconnaissance des plaques d&rsquo;immatriculation (LPR)<\/li><li>G\u00e9rer les VIP et les personnes figurant sur les listes de surveillance gr\u00e2ce \u00e0 la reconnaissance faciale<\/li><li>Utilisez l&rsquo;outil de tableau de bord Digifort (DDT) pour visualiser en temps r\u00e9el l&rsquo;\u00e9tat du syst\u00e8me et les indicateurs cl\u00e9s de performance.<\/li><\/ul><p>Tirez-vous parti de votre syst\u00e8me de s\u00e9curit\u00e9 pour optimiser l&rsquo;efficacit\u00e9 de l&rsquo;a\u00e9roport, et pas seulement pour la contr\u00f4ler ?<\/p>\t\t\t\t\t\t\t\t<\/div>\n\t\t\t\t<\/div>\n\t\t\t\t<div class=\"elementor-element elementor-element-6c64c71 elementor-widget elementor-widget-heading\" data-id=\"6c64c71\" data-element_type=\"widget\" data-e-type=\"widget\" data-widget_type=\"heading.default\">\n\t\t\t\t<div class=\"elementor-widget-container\">\n\t\t\t\t\t<h2 class=\"elementor-heading-title elementor-size-default\">Pourquoi Digifort pour les a\u00e9roports ?<\/h2>\t\t\t\t<\/div>\n\t\t\t\t<\/div>\n\t\t\t\t<div class=\"elementor-element elementor-element-ef6658b elementor-widget elementor-widget-text-editor\" data-id=\"ef6658b\" data-element_type=\"widget\" data-e-type=\"widget\" data-widget_type=\"text-editor.default\">\n\t\t\t\t<div class=\"elementor-widget-container\">\n\t\t\t\t\t\t\t\t\t<ul><li>Plateforme unifi\u00e9e pour la vid\u00e9o, l&rsquo;audio, le contr\u00f4le d&rsquo;acc\u00e8s, les alarmes, l&rsquo;IoT et l&rsquo;analytique.<\/li><li>Modulaire et \u00e9volutif pour s&rsquo;adapter \u00e0 la taille de l&rsquo;a\u00e9roport ou \u00e0 ses besoins<\/li><li>Des environnements critiques dans le monde entier<\/li><li>Con\u00e7u pour une croissance \u00e0 l&rsquo;\u00e9preuve du temps, et pas seulement pour les d\u00e9fis d&rsquo;aujourd&rsquo;hui<\/li><\/ul><p> <\/p><p>Du c\u00f4t\u00e9 a\u00e9rien au c\u00f4t\u00e9 terrestre, Digifort permet aux \u00e9quipes de s\u00e9curit\u00e9 des a\u00e9roports de travailler plus intelligemment, de r\u00e9agir plus rapidement et de cr\u00e9er des exp\u00e9riences de voyage plus s\u00fbres.<\/p>\t\t\t\t\t\t\t\t<\/div>\n\t\t\t\t<\/div>\n\t\t\t\t\t<\/div>\n\t\t\t\t<\/div>\n\t\t\t\t<\/div>\n\t\t","protected":false},"excerpt":{"rendered":"<p>Digifort pour les a\u00e9roports Assurer l&rsquo;avenir du transport a\u00e9rien avec Digifort Les a\u00e9roports \u00e9voluent, votre s\u00e9curit\u00e9 aussi Les a\u00e9roports d&rsquo;aujourd&rsquo;hui sont plus que de simples centres de transit, ce sont des environnements dynamiques et tr\u00e8s fr\u00e9quent\u00e9s o\u00f9 se m\u00ealent le transport, le commerce, l&rsquo;h\u00f4tellerie et la technologie. Les passagers attendent des exp\u00e9riences efficaces et sans [&hellip;]<\/p>\n","protected":false},"author":2,"featured_media":0,"parent":8261,"menu_order":0,"comment_status":"closed","ping_status":"closed","template":"","meta":{"footnotes":""},"class_list":["post-8236","page","type-page","status-publish","hentry"],"_links":{"self":[{"href":"https:\/\/digifort.global\/fr\/wp-json\/wp\/v2\/pages\/8236","targetHints":{"allow":["GET"]}}],"collection":[{"href":"https:\/\/digifort.global\/fr\/wp-json\/wp\/v2\/pages"}],"about":[{"href":"https:\/\/digifort.global\/fr\/wp-json\/wp\/v2\/types\/page"}],"author":[{"embeddable":true,"href":"https:\/\/digifort.global\/fr\/wp-json\/wp\/v2\/users\/2"}],"replies":[{"embeddable":true,"href":"https:\/\/digifort.global\/fr\/wp-json\/wp\/v2\/comments?post=8236"}],"version-history":[{"count":1,"href":"https:\/\/digifort.global\/fr\/wp-json\/wp\/v2\/pages\/8236\/revisions"}],"predecessor-version":[{"id":8252,"href":"https:\/\/digifort.global\/fr\/wp-json\/wp\/v2\/pages\/8236\/revisions\/8252"}],"up":[{"embeddable":true,"href":"https:\/\/digifort.global\/fr\/wp-json\/wp\/v2\/pages\/8261"}],"wp:attachment":[{"href":"https:\/\/digifort.global\/fr\/wp-json\/wp\/v2\/media?parent=8236"}],"curies":[{"name":"wp","href":"https:\/\/api.w.org\/{rel}","templated":true}]}}