{"id":7534,"date":"2024-08-26T12:15:25","date_gmt":"2024-08-26T02:15:25","guid":{"rendered":"https:\/\/digifort.global\/midia\/noticias\/"},"modified":"2026-02-12T13:24:36","modified_gmt":"2026-02-12T02:24:36","slug":"noticias","status":"publish","type":"page","link":"https:\/\/digifort.global\/pt-br\/midia\/noticias\/","title":{"rendered":"Not\u00edcias"},"content":{"rendered":"\t\t<div data-elementor-type=\"wp-page\" data-elementor-id=\"7534\" class=\"elementor elementor-7534 elementor-145\" data-elementor-post-type=\"page\">\n\t\t\t\t<div class=\"elementor-element elementor-element-a4a5fce e-flex e-con-boxed e-con e-parent\" data-id=\"a4a5fce\" data-element_type=\"container\" data-e-type=\"container\" data-settings=\"{&quot;background_background&quot;:&quot;classic&quot;}\">\n\t\t\t\t\t<div class=\"e-con-inner\">\n\t\t<div class=\"elementor-element elementor-element-c74ae30 e-con-full animated-slow e-flex elementor-invisible e-con e-child\" data-id=\"c74ae30\" data-element_type=\"container\" data-e-type=\"container\" data-settings=\"{&quot;animation&quot;:&quot;fadeInUp&quot;}\">\n\t\t\t\t<div class=\"elementor-element elementor-element-b135e73 animated-slow elementor-widget elementor-widget-heading\" data-id=\"b135e73\" data-element_type=\"widget\" data-e-type=\"widget\" data-settings=\"{&quot;_animation&quot;:&quot;none&quot;}\" data-widget_type=\"heading.default\">\n\t\t\t\t<div class=\"elementor-widget-container\">\n\t\t\t\t\t<h2 class=\"elementor-heading-title elementor-size-default\">Not\u00edcias<\/h2>\t\t\t\t<\/div>\n\t\t\t\t<\/div>\n\t\t\t\t<div class=\"elementor-element elementor-element-50474db animated-slow elementor-widget elementor-widget-text-editor\" data-id=\"50474db\" data-element_type=\"widget\" data-e-type=\"widget\" data-settings=\"{&quot;_animation&quot;:&quot;none&quot;}\" data-widget_type=\"text-editor.default\">\n\t\t\t\t<div class=\"elementor-widget-container\">\n\t\t\t\t\t\t\t\t\t<p>Not\u00edcias do Digifort,  <\/p><p>Atualiza\u00e7\u00f5es e manchetes importantes.<\/p>\t\t\t\t\t\t\t\t<\/div>\n\t\t\t\t<\/div>\n\t\t\t\t<div class=\"elementor-element elementor-element-d6af29f elementor-widget__width-initial elementor-widget elementor-widget-jet-ajax-search\" data-id=\"d6af29f\" data-element_type=\"widget\" data-e-type=\"widget\" data-settings=\"{&quot;results_area_columns&quot;:&quot;1&quot;,&quot;results_area_columns_mobile&quot;:&quot;1&quot;}\" data-widget_type=\"jet-ajax-search.default\">\n\t\t\t\t<div class=\"elementor-widget-container\">\n\t\t\t\t\t<div class=\"elementor-jet-ajax-search jet-search\">\n\n<div class=\"jet-ajax-search jet-ajax-search--mobile-skin\" data-settings=\"{&quot;symbols_for_start_searching&quot;:2,&quot;search_by_empty_value&quot;:&quot;&quot;,&quot;submit_on_enter&quot;:&quot;yes&quot;,&quot;search_source&quot;:[&quot;post&quot;],&quot;search_logging&quot;:&quot;&quot;,&quot;search_results_url&quot;:&quot;&quot;,&quot;search_taxonomy&quot;:&quot;category&quot;,&quot;include_terms_ids&quot;:[29],&quot;exclude_terms_ids&quot;:[],&quot;exclude_posts_ids&quot;:[],&quot;custom_fields_source&quot;:&quot;&quot;,&quot;limit_query&quot;:4,&quot;limit_query_tablet&quot;:&quot;&quot;,&quot;limit_query_mobile&quot;:&quot;&quot;,&quot;limit_query_in_result_area&quot;:25,&quot;results_order_by&quot;:&quot;relevance&quot;,&quot;results_order&quot;:&quot;desc&quot;,&quot;sentence&quot;:&quot;&quot;,&quot;search_in_taxonomy&quot;:&quot;&quot;,&quot;search_in_taxonomy_source&quot;:&quot;&quot;,&quot;results_area_width_by&quot;:&quot;form&quot;,&quot;results_area_custom_width&quot;:&quot;&quot;,&quot;results_area_custom_position&quot;:&quot;&quot;,&quot;results_area_columns&quot;:&quot;1&quot;,&quot;results_area_columns_tablet&quot;:&quot;&quot;,&quot;results_area_columns_mobile&quot;:&quot;1&quot;,&quot;results_area_columns_mobile_portrait&quot;:&quot;&quot;,&quot;thumbnail_visible&quot;:&quot;yes&quot;,&quot;thumbnail_size&quot;:&quot;thumbnail&quot;,&quot;thumbnail_placeholder&quot;:{&quot;url&quot;:&quot;https:\\\/\\\/digifort.global\\\/wp-content\\\/uploads\\\/2024\\\/09\\\/DG-Circle-MainColor.svg&quot;,&quot;id&quot;:819,&quot;size&quot;:&quot;&quot;,&quot;alt&quot;:&quot;&quot;,&quot;source&quot;:&quot;library&quot;},&quot;post_content_source&quot;:&quot;content&quot;,&quot;post_content_custom_field_key&quot;:&quot;&quot;,&quot;post_content_length&quot;:30,&quot;show_product_price&quot;:&quot;&quot;,&quot;show_product_rating&quot;:&quot;&quot;,&quot;show_add_to_cart&quot;:&quot;&quot;,&quot;show_result_new_tab&quot;:&quot;&quot;,&quot;highlight_searched_text&quot;:&quot;&quot;,&quot;listing_id&quot;:&quot;&quot;,&quot;bullet_pagination&quot;:&quot;in_footer&quot;,&quot;number_pagination&quot;:&quot;in_footer&quot;,&quot;navigation_arrows&quot;:&quot;in_footer&quot;,&quot;navigation_arrows_type&quot;:&quot;angle&quot;,&quot;show_title_related_meta&quot;:&quot;&quot;,&quot;meta_title_related_position&quot;:&quot;&quot;,&quot;title_related_meta&quot;:&quot;&quot;,&quot;show_content_related_meta&quot;:&quot;&quot;,&quot;meta_content_related_position&quot;:&quot;&quot;,&quot;content_related_meta&quot;:&quot;&quot;,&quot;negative_search&quot;:&quot;Desculpe, mas nada corresponde aos termos de sua pesquisa.&quot;,&quot;server_error&quot;:&quot;Desculpe, mas n\\u00e3o podemos atender \\u00e0 sua consulta de pesquisa no momento. Por favor, tente novamente mais tarde! &quot;,&quot;show_search_suggestions&quot;:&quot;&quot;,&quot;search_suggestions_position&quot;:&quot;&quot;,&quot;search_suggestions_source&quot;:&quot;&quot;,&quot;search_suggestions_limits&quot;:&quot;&quot;,&quot;search_suggestions_item_title_length&quot;:&quot;&quot;,&quot;search_source_terms&quot;:&quot;&quot;,&quot;search_source_terms_title&quot;:&quot;&quot;,&quot;search_source_terms_icon&quot;:&quot;&quot;,&quot;search_source_terms_limit&quot;:&quot;&quot;,&quot;listing_jetengine_terms_notice&quot;:&quot;&quot;,&quot;search_source_terms_taxonomy&quot;:&quot;&quot;,&quot;search_source_users&quot;:&quot;&quot;,&quot;search_source_users_title&quot;:&quot;&quot;,&quot;search_source_users_icon&quot;:&quot;&quot;,&quot;search_source_users_limit&quot;:&quot;&quot;,&quot;listing_jetengine_users_notice&quot;:&quot;&quot;,&quot;lang&quot;:&quot;pt-br&quot;}\"><form class=\"jet-ajax-search__form\" method=\"get\" action=\"https:\/\/digifort.global\/pt-br\/\" role=\"search\" target=\"\">\n\t<div class=\"jet-ajax-search__fields-holder\">\n\t\t<div class=\"jet-ajax-search__field-wrapper\">\n\t\t\t<label for=\"search-input-d6af29f\" class=\"screen-reader-text\">Pesquisar ...<\/label>\n\t\t\t<span class=\"jet-ajax-search__field-icon jet-ajax-search-icon\"><i aria-hidden=\"true\" class=\"fas fa-search\"><\/i><\/span>\t\t\t<input id=\"search-input-d6af29f\" class=\"jet-ajax-search__field\" type=\"search\" placeholder=\"Pesquisar not\u00edcias do Digifort\" value=\"\" name=\"s\" autocomplete=\"off\" \/>\n\t\t\t\t\t\t\t<input type=\"hidden\" value=\"{&quot;search_source&quot;:&quot;post&quot;,&quot;include_terms_ids&quot;:[29],&quot;results_order&quot;:&quot;desc&quot;}\" name=\"jet_ajax_search_settings\" \/>\n\t\t\t\t\t\t\n\t\t\t\t\t<\/div>\n\t\t<div class=\"jet-ajax-search__categories\"><select  name=\"jet_ajax_search_categories\" data-placeholder=\"Todas as categorias\" id='jet_ajax_search_categories_d6af29f' class='jet-ajax-search__categories-select'>\n\t<option value='0' selected='selected'>Todas as categorias<\/option>\n\t<option class=\"level-0\" value=\"340\">Not\u00edcias<\/option>\n<\/select>\n\n\t\t\t<i class=\"jet-ajax-search__categories-select-icon\">\n\t\t\t\t<svg xmlns=\"http:\/\/www.w3.org\/2000\/svg\" shape-rendering=\"geometricPrecision\" text-rendering=\"geometricPrecision\" image-rendering=\"optimizeQuality\" fill-rule=\"evenodd\" clip-rule=\"evenodd\" viewBox=\"0 0 512 336.36\"><path fill-rule=\"nonzero\" d=\"M42.47.01 469.5 0C492.96 0 512 19.04 512 42.5c0 11.07-4.23 21.15-11.17 28.72L294.18 320.97c-14.93 18.06-41.7 20.58-59.76 5.65-1.8-1.49-3.46-3.12-4.97-4.83L10.43 70.39C-4.97 52.71-3.1 25.86 14.58 10.47 22.63 3.46 32.57.02 42.47.01z\"\/><\/svg>\n\t\t\t<\/i><\/div>\t<\/div>\n\t<\/form>\n\n<div class=\"jet-ajax-search__results-area\" >\n\t<div class=\"jet-ajax-search__results-holder\">\n\t\t\t\t\t<div class=\"jet-ajax-search__results-header\">\n\t\t\t\t\n<button class=\"jet-ajax-search__results-count\" aria-label=\"View all results\"><span><\/span> Resultados<\/button>\n\t\t\t\t<div class=\"jet-ajax-search__navigation-holder\"><\/div>\n\t\t\t<\/div>\n\t\t\t\t\t\t<div class=\"jet-ajax-search__results-list results-area-col-desk-1 results-area-col-tablet-0 results-area-col-mobile-1 results-area-col-mobile-portrait-1\" >\n\t\t\t            <div class=\"jet-ajax-search__results-list-inner \"><\/div>\n\t\t\t\t\t<\/div>\n\t\t\t\t\t<div class=\"jet-ajax-search__results-footer\">\n\t\t\t\t\t\t\t\t\t<button class=\"jet-ajax-search__full-results\">Todos os resultados<\/button>\t\t\t\t\t\t\t\t<div class=\"jet-ajax-search__navigation-holder\"><\/div>\n\t\t\t<\/div>\n\t\t\t<\/div>\n\t<div class=\"jet-ajax-search__message\"><\/div>\n\t\n<div class=\"jet-ajax-search__spinner-holder\">\n\t<div class=\"jet-ajax-search__spinner\">\n\t\t<div class=\"rect rect-1\"><\/div>\n\t\t<div class=\"rect rect-2\"><\/div>\n\t\t<div class=\"rect rect-3\"><\/div>\n\t\t<div class=\"rect rect-4\"><\/div>\n\t\t<div class=\"rect rect-5\"><\/div>\n\t<\/div>\n<\/div>\n<\/div>\n<\/div>\n<\/div>\t\t\t\t<\/div>\n\t\t\t\t<\/div>\n\t\t\t\t<\/div>\n\t\t<div class=\"elementor-element elementor-element-fcc5385 e-con-full animated-slow e-flex elementor-invisible e-con e-child\" data-id=\"fcc5385\" data-element_type=\"container\" data-e-type=\"container\" data-settings=\"{&quot;animation&quot;:&quot;fadeInUp&quot;}\">\n\t\t\t\t<\/div>\n\t\t<div class=\"elementor-element elementor-element-ced075f e-con-full animated-slow e-flex elementor-invisible e-con e-child\" data-id=\"ced075f\" data-element_type=\"container\" data-e-type=\"container\" data-settings=\"{&quot;animation&quot;:&quot;fadeInUp&quot;}\">\n\t\t\t\t<\/div>\n\t\t<div class=\"elementor-element elementor-element-0501642 e-con-full animated-slow e-flex elementor-invisible e-con e-child\" data-id=\"0501642\" data-element_type=\"container\" data-e-type=\"container\" data-settings=\"{&quot;animation&quot;:&quot;fadeIn&quot;}\">\n\t\t\t\t<div class=\"elementor-element elementor-element-5e2b4ed animated-slow elementor-widget elementor-widget-icon-box\" data-id=\"5e2b4ed\" data-element_type=\"widget\" data-e-type=\"widget\" data-settings=\"{&quot;_animation&quot;:&quot;none&quot;}\" data-widget_type=\"icon-box.default\">\n\t\t\t\t<div class=\"elementor-widget-container\">\n\t\t\t\t\t\t\t<div class=\"elementor-icon-box-wrapper\">\n\n\t\t\t\n\t\t\t\t\t\t<div class=\"elementor-icon-box-content\">\n\n\t\t\t\t\t\t\t\t\t<h3 class=\"elementor-icon-box-title\">\n\t\t\t\t\t\t<span  >\n\t\t\t\t\t\t\tMais not\u00edcias importantes\t\t\t\t\t\t<\/span>\n\t\t\t\t\t<\/h3>\n\t\t\t\t\n\t\t\t\t\n\t\t\t<\/div>\n\t\t\t\n\t\t<\/div>\n\t\t\t\t\t\t<\/div>\n\t\t\t\t<\/div>\n\t\t\t\t<\/div>\n\t\t\t\t\t<\/div>\n\t\t\t\t<\/div>\n\t\t<div class=\"elementor-element elementor-element-a20e06c e-flex e-con-boxed e-con e-parent\" data-id=\"a20e06c\" data-element_type=\"container\" data-e-type=\"container\" data-settings=\"{&quot;background_background&quot;:&quot;classic&quot;,&quot;shape_divider_bottom&quot;:&quot;opacity-tilt&quot;}\">\n\t\t\t\t\t<div class=\"e-con-inner\">\n\t\t\t\t<div class=\"elementor-shape elementor-shape-bottom\" aria-hidden=\"true\" data-negative=\"false\">\n\t\t\t<svg xmlns=\"http:\/\/www.w3.org\/2000\/svg\" viewBox=\"0 0 2600 131.1\" preserveAspectRatio=\"none\">\n\t<path class=\"elementor-shape-fill\" d=\"M0 0L2600 0 2600 69.1 0 0z\"\/>\n\t<path class=\"elementor-shape-fill\" style=\"opacity:0.5\" d=\"M0 0L2600 0 2600 69.1 0 69.1z\"\/>\n\t<path class=\"elementor-shape-fill\" style=\"opacity:0.25\" d=\"M2600 0L0 0 0 130.1 2600 69.1z\"\/>\n<\/svg>\t\t<\/div>\n\t\t\t\t<div class=\"elementor-element elementor-element-bf9a4d2 animated-slow e-transform elementor-invisible elementor-widget elementor-widget-image\" data-id=\"bf9a4d2\" data-element_type=\"widget\" data-e-type=\"widget\" data-settings=\"{&quot;_animation&quot;:&quot;fadeInUp&quot;,&quot;_transform_scale_effect_hover&quot;:{&quot;unit&quot;:&quot;px&quot;,&quot;size&quot;:1.02,&quot;sizes&quot;:[]},&quot;_transform_scale_effect_hover_widescreen&quot;:{&quot;unit&quot;:&quot;px&quot;,&quot;size&quot;:&quot;&quot;,&quot;sizes&quot;:[]},&quot;_transform_scale_effect_hover_laptop&quot;:{&quot;unit&quot;:&quot;px&quot;,&quot;size&quot;:&quot;&quot;,&quot;sizes&quot;:[]},&quot;_transform_scale_effect_hover_tablet_extra&quot;:{&quot;unit&quot;:&quot;px&quot;,&quot;size&quot;:&quot;&quot;,&quot;sizes&quot;:[]},&quot;_transform_scale_effect_hover_tablet&quot;:{&quot;unit&quot;:&quot;px&quot;,&quot;size&quot;:&quot;&quot;,&quot;sizes&quot;:[]},&quot;_transform_scale_effect_hover_mobile_extra&quot;:{&quot;unit&quot;:&quot;px&quot;,&quot;size&quot;:&quot;&quot;,&quot;sizes&quot;:[]},&quot;_transform_scale_effect_hover_mobile&quot;:{&quot;unit&quot;:&quot;px&quot;,&quot;size&quot;:&quot;&quot;,&quot;sizes&quot;:[]}}\" data-widget_type=\"image.default\">\n\t\t\t\t<div class=\"elementor-widget-container\">\n\t\t\t\t\t\t\t\t\t\t\t\t\t\t\t<img decoding=\"async\" width=\"57\" height=\"57\" src=\"https:\/\/digifort.global\/wp-content\/uploads\/2025\/04\/Digifort-Circle-Beige.svg\" class=\"attachment-thumbnail size-thumbnail wp-image-7052\" alt=\"\" \/>\t\t\t\t\t\t\t\t\t\t\t\t\t\t\t<\/div>\n\t\t\t\t<\/div>\n\t\t\t\t\t<\/div>\n\t\t\t\t<\/div>\n\t\t\t\t<\/div>\n\t\t","protected":false},"excerpt":{"rendered":"<p>Not\u00edcias Not\u00edcias do Digifort, Atualiza\u00e7\u00f5es e manchetes importantes. Search &#8230; Todas as categoriasNews Resultados Todos os resultados Mais not\u00edcias importantes<\/p>\n","protected":false},"author":2,"featured_media":0,"parent":7113,"menu_order":0,"comment_status":"closed","ping_status":"closed","template":"","meta":{"footnotes":""},"class_list":["post-7534","page","type-page","status-publish","hentry"],"_links":{"self":[{"href":"https:\/\/digifort.global\/pt-br\/wp-json\/wp\/v2\/pages\/7534","targetHints":{"allow":["GET"]}}],"collection":[{"href":"https:\/\/digifort.global\/pt-br\/wp-json\/wp\/v2\/pages"}],"about":[{"href":"https:\/\/digifort.global\/pt-br\/wp-json\/wp\/v2\/types\/page"}],"author":[{"embeddable":true,"href":"https:\/\/digifort.global\/pt-br\/wp-json\/wp\/v2\/users\/2"}],"replies":[{"embeddable":true,"href":"https:\/\/digifort.global\/pt-br\/wp-json\/wp\/v2\/comments?post=7534"}],"version-history":[{"count":17,"href":"https:\/\/digifort.global\/pt-br\/wp-json\/wp\/v2\/pages\/7534\/revisions"}],"predecessor-version":[{"id":11846,"href":"https:\/\/digifort.global\/pt-br\/wp-json\/wp\/v2\/pages\/7534\/revisions\/11846"}],"up":[{"embeddable":true,"href":"https:\/\/digifort.global\/pt-br\/wp-json\/wp\/v2\/pages\/7113"}],"wp:attachment":[{"href":"https:\/\/digifort.global\/pt-br\/wp-json\/wp\/v2\/media?parent=7534"}],"curies":[{"name":"wp","href":"https:\/\/api.w.org\/{rel}","templated":true}]}}