{"id":8255,"date":"2025-06-15T17:32:07","date_gmt":"2025-06-15T07:32:07","guid":{"rendered":"https:\/\/digifort.global\/verticais\/aeroportos\/"},"modified":"2025-11-06T19:31:50","modified_gmt":"2025-11-06T08:31:50","slug":"aeroportos","status":"publish","type":"page","link":"https:\/\/digifort.global\/pt-br\/verticais\/aeroportos\/","title":{"rendered":"Aeroportos"},"content":{"rendered":"\t\t<div data-elementor-type=\"wp-page\" data-elementor-id=\"8255\" class=\"elementor elementor-8255 elementor-5934\" data-elementor-post-type=\"page\">\n\t\t\t\t<div class=\"elementor-element elementor-element-cff6ef8 e-flex e-con-boxed e-con e-parent\" data-id=\"cff6ef8\" data-element_type=\"container\" data-e-type=\"container\" data-settings=\"{&quot;background_background&quot;:&quot;classic&quot;,&quot;shape_divider_bottom&quot;:&quot;tilt&quot;,&quot;background_motion_fx_motion_fx_mouse&quot;:&quot;yes&quot;}\">\n\t\t\t\t\t<div class=\"e-con-inner\">\n\t\t\t\t<div class=\"elementor-shape elementor-shape-bottom\" aria-hidden=\"true\" data-negative=\"false\">\n\t\t\t<svg xmlns=\"http:\/\/www.w3.org\/2000\/svg\" viewBox=\"0 0 1000 100\" preserveAspectRatio=\"none\">\n\t<path class=\"elementor-shape-fill\" d=\"M0,6V0h1000v100L0,6z\"\/>\n<\/svg>\t\t<\/div>\n\t\t<div class=\"elementor-element elementor-element-17176be e-con-full e-flex e-con e-child\" data-id=\"17176be\" data-element_type=\"container\" data-e-type=\"container\">\n\t\t\t\t<div class=\"elementor-element elementor-element-bd6d471 animated-slow elementor-invisible elementor-widget elementor-widget-heading\" data-id=\"bd6d471\" data-element_type=\"widget\" data-e-type=\"widget\" data-settings=\"{&quot;_animation&quot;:&quot;fadeInUp&quot;}\" data-widget_type=\"heading.default\">\n\t\t\t\t<div class=\"elementor-widget-container\">\n\t\t\t\t\t<h2 class=\"elementor-heading-title elementor-size-default\">Digifort para aeroportos<\/h2>\t\t\t\t<\/div>\n\t\t\t\t<\/div>\n\t\t\t\t<div class=\"elementor-element elementor-element-2dc3dc5 animated-slow elementor-invisible elementor-widget elementor-widget-text-editor\" data-id=\"2dc3dc5\" data-element_type=\"widget\" data-e-type=\"widget\" data-settings=\"{&quot;_animation&quot;:&quot;fadeInUp&quot;}\" data-widget_type=\"text-editor.default\">\n\t\t\t\t<div class=\"elementor-widget-container\">\n\t\t\t\t\t\t\t\t\tGarantindo o futuro das viagens a\u00e9reas com o Digifort\t\t\t\t\t\t\t\t<\/div>\n\t\t\t\t<\/div>\n\t\t\t\t<\/div>\n\t\t\t\t\t<\/div>\n\t\t\t\t<\/div>\n\t\t<div class=\"elementor-element elementor-element-4c2f6cb animated-slow e-flex e-con-boxed elementor-invisible e-con e-parent\" data-id=\"4c2f6cb\" data-element_type=\"container\" data-e-type=\"container\" data-settings=\"{&quot;animation&quot;:&quot;fadeIn&quot;}\">\n\t\t\t\t\t<div class=\"e-con-inner\">\n\t\t\t\t<div class=\"elementor-element elementor-element-437cc6b elementor-widget elementor-widget-heading\" data-id=\"437cc6b\" data-element_type=\"widget\" data-e-type=\"widget\" data-widget_type=\"heading.default\">\n\t\t\t\t<div class=\"elementor-widget-container\">\n\t\t\t\t\t<h2 class=\"elementor-heading-title elementor-size-default\">Os aeroportos est\u00e3o evoluindo, e sua seguran\u00e7a tamb\u00e9m deve evoluir<\/h2>\t\t\t\t<\/div>\n\t\t\t\t<\/div>\n\t\t\t\t<div class=\"elementor-element elementor-element-7f016f7 elementor-widget elementor-widget-text-editor\" data-id=\"7f016f7\" data-element_type=\"widget\" data-e-type=\"widget\" data-widget_type=\"text-editor.default\">\n\t\t\t\t<div class=\"elementor-widget-container\">\n\t\t\t\t\t\t\t\t\t<p>Atualmente, os aeroportos s\u00e3o mais do que apenas centros de tr\u00e2nsito, s\u00e3o ambientes din\u00e2micos e de alto tr\u00e1fego que combinam transporte, varejo, hospitalidade e tecnologia. Os passageiros esperam experi\u00eancias eficientes e sem estresse que v\u00e3o al\u00e9m dos port\u00f5es de embarque e incluem refei\u00e7\u00f5es, compras e relaxamento.<\/p>\n<p>Para isso, os aeroportos precisam estar \u00e0 frente das complexidades crescentes, adotando uma plataforma unificada que re\u00fana seguran\u00e7a, opera\u00e7\u00f5es e conformidade em uma estrat\u00e9gia poderosa. \u00c9 a\u00ed que entra o Digifort ISMS.<\/p>\t\t\t\t\t\t\t\t<\/div>\n\t\t\t\t<\/div>\n\t\t\t\t<div class=\"elementor-element elementor-element-a4f7897 elementor-widget elementor-widget-heading\" data-id=\"a4f7897\" data-element_type=\"widget\" data-e-type=\"widget\" data-widget_type=\"heading.default\">\n\t\t\t\t<div class=\"elementor-widget-container\">\n\t\t\t\t\t<h2 class=\"elementor-heading-title elementor-size-default\">Constru\u00eddo para a resili\u00eancia: Prote\u00e7\u00e3o contra amea\u00e7as f\u00edsicas e cibern\u00e9ticas<\/h2>\t\t\t\t<\/div>\n\t\t\t\t<\/div>\n\t\t\t\t<div class=\"elementor-element elementor-element-33418e8 elementor-widget elementor-widget-text-editor\" data-id=\"33418e8\" data-element_type=\"widget\" data-e-type=\"widget\" data-widget_type=\"text-editor.default\">\n\t\t\t\t<div class=\"elementor-widget-container\">\n\t\t\t\t\t\t\t\t\t<p>Os aeroportos enfrentam um cen\u00e1rio de amea\u00e7as que muda rapidamente, desde drones e invas\u00f5es at\u00e9 ataques cibern\u00e9ticos e sabotagem de infraestrutura. A arquitetura flex\u00edvel e dimension\u00e1vel do Digifort permite que o senhor:<\/p><ul><li>Detecte e responda a amea\u00e7as emergentes com an\u00e1lise de v\u00eddeo com tecnologia de IA<\/li><li>Proteja-se contra ataques em n\u00edvel de rede com criptografia de ponta a ponta e controles de autentica\u00e7\u00e3o<\/li><li>Manter opera\u00e7\u00f5es 24 horas por dia, 7 dias por semana, com servidores de failover, sincroniza\u00e7\u00e3o autom\u00e1tica e recursos de autocorre\u00e7\u00e3o<\/li><\/ul><p> <\/p><p>Nossa plataforma se adapta \u00e0 evolu\u00e7\u00e3o das necessidades de seguran\u00e7a do seu aeroporto, sem comprometer a estabilidade ou o desempenho.<\/p><p>O senhor tem certeza de que seu sistema atual pode se adaptar a novas amea\u00e7as em tempo real?<\/p>\t\t\t\t\t\t\t\t<\/div>\n\t\t\t\t<\/div>\n\t\t\t\t<div class=\"elementor-element elementor-element-ee7069a elementor-widget elementor-widget-heading\" data-id=\"ee7069a\" data-element_type=\"widget\" data-e-type=\"widget\" data-widget_type=\"heading.default\">\n\t\t\t\t<div class=\"elementor-widget-container\">\n\t\t\t\t\t<h2 class=\"elementor-heading-title elementor-size-default\">Conecte os sistemas, elimine os silos<\/h2>\t\t\t\t<\/div>\n\t\t\t\t<\/div>\n\t\t\t\t<div class=\"elementor-element elementor-element-f7929a1 elementor-widget elementor-widget-text-editor\" data-id=\"f7929a1\" data-element_type=\"widget\" data-e-type=\"widget\" data-widget_type=\"text-editor.default\">\n\t\t\t\t<div class=\"elementor-widget-container\">\n\t\t\t\t\t\t\t\t\tEmbora muitos aeroportos tenham modernizado os servi\u00e7os aos passageiros (como quiosques e port\u00f5es de autoatendimento), seus sistemas de seguran\u00e7a geralmente permanecem fragmentados, isolando dados valiosos, como filmagens de vigil\u00e2ncia, registros de alarmes e percep\u00e7\u00f5es operacionais.\n\nO Digifort Smart Connect preenche essa lacuna integrando-se a sistemas de terceiros, como controle de acesso, BMS, sensores de IoT e pain\u00e9is de inc\u00eandio, para permitir a colabora\u00e7\u00e3o em tempo real e a tomada de decis\u00f5es automatizadas em todas as opera\u00e7\u00f5es do aeroporto.\t\t\t\t\t\t\t\t<\/div>\n\t\t\t\t<\/div>\n\t\t\t\t<div class=\"elementor-element elementor-element-d7579f5 elementor-widget elementor-widget-heading\" data-id=\"d7579f5\" data-element_type=\"widget\" data-e-type=\"widget\" data-widget_type=\"heading.default\">\n\t\t\t\t<div class=\"elementor-widget-container\">\n\t\t\t\t\t<h2 class=\"elementor-heading-title elementor-size-default\">Transforme a infraestrutura de seguran\u00e7a em um ativo estrat\u00e9gico<\/h2>\t\t\t\t<\/div>\n\t\t\t\t<\/div>\n\t\t\t\t<div class=\"elementor-element elementor-element-65e37fd elementor-widget elementor-widget-text-editor\" data-id=\"65e37fd\" data-element_type=\"widget\" data-e-type=\"widget\" data-widget_type=\"text-editor.default\">\n\t\t\t\t<div class=\"elementor-widget-container\">\n\t\t\t\t\t\t\t\t\t<p>Desde o gerenciamento das opera\u00e7\u00f5es de pista at\u00e9 a contrata\u00e7\u00e3o de pessoal para os terminais, os aeroportos dependem de m\u00e9tricas de desempenho para orientar as decis\u00f5es. O Digifort transforma sua infraestrutura de vigil\u00e2ncia em um centro de comando rico em dados que ajuda o senhor:<\/p><ul><li>Monitore o fluxo de pessoas, o tempo de perman\u00eancia e a densidade de pessoas com o Neural Analytics<\/li><li>Rastreie o movimento de ve\u00edculos com o reconhecimento de placas de ve\u00edculos (LPR)<\/li><li>Gerencie indiv\u00edduos VIP e de listas de observa\u00e7\u00e3o com o Reconhecimento Facial<\/li><li>Use o Digifort Dashboard Tool (DDT) para visualizar a integridade do sistema e os KPIs em tempo real<\/li><\/ul><p>O senhor est\u00e1 aproveitando o seu sistema de seguran\u00e7a para otimizar a efici\u00eancia do aeroporto, e n\u00e3o apenas monitor\u00e1-lo?<\/p>\t\t\t\t\t\t\t\t<\/div>\n\t\t\t\t<\/div>\n\t\t\t\t<div class=\"elementor-element elementor-element-6c64c71 elementor-widget elementor-widget-heading\" data-id=\"6c64c71\" data-element_type=\"widget\" data-e-type=\"widget\" data-widget_type=\"heading.default\">\n\t\t\t\t<div class=\"elementor-widget-container\">\n\t\t\t\t\t<h2 class=\"elementor-heading-title elementor-size-default\">Por que o Digifort para aeroportos?<\/h2>\t\t\t\t<\/div>\n\t\t\t\t<\/div>\n\t\t\t\t<div class=\"elementor-element elementor-element-ef6658b elementor-widget elementor-widget-text-editor\" data-id=\"ef6658b\" data-element_type=\"widget\" data-e-type=\"widget\" data-widget_type=\"text-editor.default\">\n\t\t\t\t<div class=\"elementor-widget-container\">\n\t\t\t\t\t\t\t\t\t<ul><li>Plataforma unificada para v\u00eddeo, \u00e1udio, controle de acesso, alarmes, IoT e an\u00e1lises<\/li><li>Modular e escal\u00e1vel para atender a qualquer tamanho ou necessidade do aeroporto<\/li><li>Com a confian\u00e7a de ambientes de miss\u00e3o cr\u00edtica em todo o mundo<\/li><li>Criado para um crescimento \u00e0 prova de futuro, n\u00e3o apenas para os desafios de hoje<\/li><\/ul><p> <\/p><p>Do lado do ar ao lado da terra, o Digifort capacita as equipes de seguran\u00e7a dos aeroportos a trabalhar de forma mais inteligente, responder mais rapidamente e criar experi\u00eancias de viagem mais seguras.<\/p>\t\t\t\t\t\t\t\t<\/div>\n\t\t\t\t<\/div>\n\t\t\t\t\t<\/div>\n\t\t\t\t<\/div>\n\t\t\t\t<\/div>\n\t\t","protected":false},"excerpt":{"rendered":"<p>Digifort para aeroportos Garantindo o futuro das viagens a\u00e9reas com o Digifort Os aeroportos est\u00e3o evoluindo, e sua seguran\u00e7a tamb\u00e9m deve evoluir Atualmente, os aeroportos s\u00e3o mais do que apenas centros de tr\u00e2nsito, s\u00e3o ambientes din\u00e2micos e de alto tr\u00e1fego que combinam transporte, varejo, hospitalidade e tecnologia. Os passageiros esperam experi\u00eancias eficientes e sem estresse [&hellip;]<\/p>\n","protected":false},"author":2,"featured_media":0,"parent":8232,"menu_order":0,"comment_status":"closed","ping_status":"closed","template":"","meta":{"footnotes":""},"class_list":["post-8255","page","type-page","status-publish","hentry"],"_links":{"self":[{"href":"https:\/\/digifort.global\/pt-br\/wp-json\/wp\/v2\/pages\/8255","targetHints":{"allow":["GET"]}}],"collection":[{"href":"https:\/\/digifort.global\/pt-br\/wp-json\/wp\/v2\/pages"}],"about":[{"href":"https:\/\/digifort.global\/pt-br\/wp-json\/wp\/v2\/types\/page"}],"author":[{"embeddable":true,"href":"https:\/\/digifort.global\/pt-br\/wp-json\/wp\/v2\/users\/2"}],"replies":[{"embeddable":true,"href":"https:\/\/digifort.global\/pt-br\/wp-json\/wp\/v2\/comments?post=8255"}],"version-history":[{"count":3,"href":"https:\/\/digifort.global\/pt-br\/wp-json\/wp\/v2\/pages\/8255\/revisions"}],"predecessor-version":[{"id":8408,"href":"https:\/\/digifort.global\/pt-br\/wp-json\/wp\/v2\/pages\/8255\/revisions\/8408"}],"up":[{"embeddable":true,"href":"https:\/\/digifort.global\/pt-br\/wp-json\/wp\/v2\/pages\/8232"}],"wp:attachment":[{"href":"https:\/\/digifort.global\/pt-br\/wp-json\/wp\/v2\/media?parent=8255"}],"curies":[{"name":"wp","href":"https:\/\/api.w.org\/{rel}","templated":true}]}}