{"id":10047,"date":"2024-10-08T16:37:37","date_gmt":"2024-10-08T05:37:37","guid":{"rendered":"https:\/\/digifort.global\/giai-phap\/cong-cu-dam-may\/"},"modified":"2025-11-10T11:52:34","modified_gmt":"2025-11-10T00:52:34","slug":"cong-cu-dam-may","status":"publish","type":"page","link":"https:\/\/digifort.global\/vi\/giai-phap\/cong-cu-dam-may\/","title":{"rendered":"C\u00f4ng c\u1ee5 \u0111\u00e1m m\u00e2y"},"content":{"rendered":"\t\t<div data-elementor-type=\"wp-page\" data-elementor-id=\"10047\" class=\"elementor elementor-10047 elementor-2410\" data-elementor-post-type=\"page\">\n\t\t\t\t<div class=\"elementor-element elementor-element-712ff0b e-con-full e-flex e-con e-parent\" data-id=\"712ff0b\" data-element_type=\"container\" data-e-type=\"container\" data-settings=\"{&quot;background_background&quot;:&quot;gradient&quot;,&quot;background_motion_fx_devices&quot;:[&quot;widescreen&quot;,&quot;desktop&quot;,&quot;laptop&quot;,&quot;tablet_extra&quot;,&quot;tablet&quot;,&quot;mobile_extra&quot;,&quot;mobile&quot;]}\">\n\t\t<div class=\"elementor-element elementor-element-f94b8c6 e-con-full e-flex e-con e-child\" data-id=\"f94b8c6\" data-element_type=\"container\" data-e-type=\"container\">\n\t\t<div class=\"elementor-element elementor-element-f0b8a2e e-con-full e-flex e-con e-child\" data-id=\"f0b8a2e\" data-element_type=\"container\" data-e-type=\"container\">\n\t\t\t\t<div class=\"elementor-element elementor-element-2bdc2b0 animated-slow elementor-invisible elementor-widget elementor-widget-heading\" data-id=\"2bdc2b0\" data-element_type=\"widget\" data-e-type=\"widget\" data-settings=\"{&quot;_animation&quot;:&quot;fadeInUp&quot;}\" data-widget_type=\"heading.default\">\n\t\t\t\t<div class=\"elementor-widget-container\">\n\t\t\t\t\t<h2 class=\"elementor-heading-title elementor-size-default\">C\u00f4ng c\u1ee5 \u0111\u00e1m m\u00e2y Digifort<\/h2>\t\t\t\t<\/div>\n\t\t\t\t<\/div>\n\t\t\t\t<div class=\"elementor-element elementor-element-b738127 animated-slow elementor-invisible elementor-widget elementor-widget-heading\" data-id=\"b738127\" data-element_type=\"widget\" data-e-type=\"widget\" data-settings=\"{&quot;_animation&quot;:&quot;fadeInUp&quot;}\" data-widget_type=\"heading.default\">\n\t\t\t\t<div class=\"elementor-widget-container\">\n\t\t\t\t\t<h2 class=\"elementor-heading-title elementor-size-default\">S\u1eafp ra m\u1eaft...<\/h2>\t\t\t\t<\/div>\n\t\t\t\t<\/div>\n\t\t\t\t<\/div>\n\t\t\t\t<\/div>\n\t\t\t\t<\/div>\n\t\t\t\t<\/div>\n\t\t","protected":false},"excerpt":{"rendered":"<p>C\u00f4ng c\u1ee5 \u0111\u00e1m m\u00e2y Digifort S\u1eafp ra m\u1eaft&#8230;<\/p>\n","protected":false},"author":2,"featured_media":0,"parent":9225,"menu_order":0,"comment_status":"closed","ping_status":"closed","template":"","meta":{"footnotes":""},"class_list":["post-10047","page","type-page","status-publish","hentry"],"_links":{"self":[{"href":"https:\/\/digifort.global\/vi\/wp-json\/wp\/v2\/pages\/10047","targetHints":{"allow":["GET"]}}],"collection":[{"href":"https:\/\/digifort.global\/vi\/wp-json\/wp\/v2\/pages"}],"about":[{"href":"https:\/\/digifort.global\/vi\/wp-json\/wp\/v2\/types\/page"}],"author":[{"embeddable":true,"href":"https:\/\/digifort.global\/vi\/wp-json\/wp\/v2\/users\/2"}],"replies":[{"embeddable":true,"href":"https:\/\/digifort.global\/vi\/wp-json\/wp\/v2\/comments?post=10047"}],"version-history":[{"count":1,"href":"https:\/\/digifort.global\/vi\/wp-json\/wp\/v2\/pages\/10047\/revisions"}],"predecessor-version":[{"id":10061,"href":"https:\/\/digifort.global\/vi\/wp-json\/wp\/v2\/pages\/10047\/revisions\/10061"}],"up":[{"embeddable":true,"href":"https:\/\/digifort.global\/vi\/wp-json\/wp\/v2\/pages\/9225"}],"wp:attachment":[{"href":"https:\/\/digifort.global\/vi\/wp-json\/wp\/v2\/media?parent=10047"}],"curies":[{"name":"wp","href":"https:\/\/api.w.org\/{rel}","templated":true}]}}