{"id":10179,"date":"2025-06-15T17:32:07","date_gmt":"2025-06-15T07:32:07","guid":{"rendered":"https:\/\/digifort.global\/doc\/san-bay\/"},"modified":"2025-11-10T11:53:20","modified_gmt":"2025-11-10T00:53:20","slug":"san-bay","status":"publish","type":"page","link":"https:\/\/digifort.global\/vi\/doc\/san-bay\/","title":{"rendered":"S\u00e2n bay"},"content":{"rendered":"\t\t<div data-elementor-type=\"wp-page\" data-elementor-id=\"10179\" class=\"elementor elementor-10179 elementor-5934\" data-elementor-post-type=\"page\">\n\t\t\t\t<div class=\"elementor-element elementor-element-cff6ef8 e-flex e-con-boxed e-con e-parent\" data-id=\"cff6ef8\" data-element_type=\"container\" data-e-type=\"container\" data-settings=\"{&quot;background_background&quot;:&quot;classic&quot;,&quot;shape_divider_bottom&quot;:&quot;tilt&quot;,&quot;background_motion_fx_motion_fx_mouse&quot;:&quot;yes&quot;}\">\n\t\t\t\t\t<div class=\"e-con-inner\">\n\t\t\t\t<div class=\"elementor-shape elementor-shape-bottom\" aria-hidden=\"true\" data-negative=\"false\">\n\t\t\t<svg xmlns=\"http:\/\/www.w3.org\/2000\/svg\" viewBox=\"0 0 1000 100\" preserveAspectRatio=\"none\">\n\t<path class=\"elementor-shape-fill\" d=\"M0,6V0h1000v100L0,6z\"\/>\n<\/svg>\t\t<\/div>\n\t\t<div class=\"elementor-element elementor-element-17176be e-con-full e-flex e-con e-child\" data-id=\"17176be\" data-element_type=\"container\" data-e-type=\"container\">\n\t\t\t\t<div class=\"elementor-element elementor-element-bd6d471 animated-slow elementor-invisible elementor-widget elementor-widget-heading\" data-id=\"bd6d471\" data-element_type=\"widget\" data-e-type=\"widget\" data-settings=\"{&quot;_animation&quot;:&quot;fadeInUp&quot;}\" data-widget_type=\"heading.default\">\n\t\t\t\t<div class=\"elementor-widget-container\">\n\t\t\t\t\t<h2 class=\"elementor-heading-title elementor-size-default\">Digifort cho S\u00e2n bay<\/h2>\t\t\t\t<\/div>\n\t\t\t\t<\/div>\n\t\t\t\t<div class=\"elementor-element elementor-element-2dc3dc5 animated-slow elementor-invisible elementor-widget elementor-widget-text-editor\" data-id=\"2dc3dc5\" data-element_type=\"widget\" data-e-type=\"widget\" data-settings=\"{&quot;_animation&quot;:&quot;fadeInUp&quot;}\" data-widget_type=\"text-editor.default\">\n\t\t\t\t<div class=\"elementor-widget-container\">\n\t\t\t\t\t\t\t\t\t\u0110\u1ea3m b\u1ea3o t\u01b0\u01a1ng lai c\u1ee7a du l\u1ecbch h\u00e0ng kh\u00f4ng v\u1edbi Digifort\t\t\t\t\t\t\t\t<\/div>\n\t\t\t\t<\/div>\n\t\t\t\t<\/div>\n\t\t\t\t\t<\/div>\n\t\t\t\t<\/div>\n\t\t<div class=\"elementor-element elementor-element-4c2f6cb animated-slow e-flex e-con-boxed elementor-invisible e-con e-parent\" data-id=\"4c2f6cb\" data-element_type=\"container\" data-e-type=\"container\" data-settings=\"{&quot;animation&quot;:&quot;fadeIn&quot;}\">\n\t\t\t\t\t<div class=\"e-con-inner\">\n\t\t\t\t<div class=\"elementor-element elementor-element-437cc6b elementor-widget elementor-widget-heading\" data-id=\"437cc6b\" data-element_type=\"widget\" data-e-type=\"widget\" data-widget_type=\"heading.default\">\n\t\t\t\t<div class=\"elementor-widget-container\">\n\t\t\t\t\t<h2 class=\"elementor-heading-title elementor-size-default\">S\u00e2n bay \u0111ang ph\u00e1t tri\u1ec3n, an ninh c\u1ee7a b\u1ea1n c\u0169ng v\u1eady<\/h2>\t\t\t\t<\/div>\n\t\t\t\t<\/div>\n\t\t\t\t<div class=\"elementor-element elementor-element-7f016f7 elementor-widget elementor-widget-text-editor\" data-id=\"7f016f7\" data-element_type=\"widget\" data-e-type=\"widget\" data-widget_type=\"text-editor.default\">\n\t\t\t\t<div class=\"elementor-widget-container\">\n\t\t\t\t\t\t\t\t\t<p>S\u00e2n bay ng\u00e0y nay kh\u00f4ng ch\u1ec9 l\u00e0 trung t\u00e2m trung chuy\u1ec3n, m\u00e0 c\u00f2n l\u00e0 m\u00f4i tr\u01b0\u1eddng n\u0103ng \u0111\u1ed9ng, \u0111\u00f4ng \u0111\u00fac, k\u1ebft h\u1ee3p giao th\u00f4ng v\u1eadn t\u1ea3i, b\u00e1n l\u1ebb, d\u1ecbch v\u1ee5 l\u01b0u tr\u00fa v\u00e0 c\u00f4ng ngh\u1ec7. H\u00e0nh kh\u00e1ch mong \u0111\u1ee3i nh\u1eefng tr\u1ea3i nghi\u1ec7m hi\u1ec7u qu\u1ea3, kh\u00f4ng c\u0103ng th\u1eb3ng, kh\u00f4ng ch\u1ec9 d\u1eebng l\u1ea1i \u1edf c\u1ed5ng l\u00ean m\u00e1y bay m\u00e0 c\u00f2n bao g\u1ed3m c\u1ea3 \u0103n u\u1ed1ng, mua s\u1eafm v\u00e0 th\u01b0 gi\u00e3n. <\/p>\n<p>\u0110\u1ec3 \u0111\u1ea1t \u0111\u01b0\u1ee3c \u0111i\u1ec1u n\u00e0y, c\u00e1c s\u00e2n bay ph\u1ea3i ch\u1ee7 \u0111\u1ed9ng \u1ee9ng ph\u00f3 v\u1edbi nh\u1eefng ph\u1ee9c t\u1ea1p ng\u00e0y c\u00e0ng gia t\u0103ng b\u1eb1ng c\u00e1ch \u00e1p d\u1ee5ng m\u1ed9t n\u1ec1n t\u1ea3ng th\u1ed1ng nh\u1ea5t, k\u1ebft h\u1ee3p an ninh, v\u1eadn h\u00e0nh v\u00e0 tu\u00e2n th\u1ee7 trong m\u1ed9t chi\u1ebfn l\u01b0\u1ee3c m\u1ea1nh m\u1ebd. \u0110\u00f3 ch\u00ednh l\u00e0 l\u00fac Digifort ISMS ph\u00e1t huy t\u00e1c d\u1ee5ng. <\/p>\t\t\t\t\t\t\t\t<\/div>\n\t\t\t\t<\/div>\n\t\t\t\t<div class=\"elementor-element elementor-element-a4f7897 elementor-widget elementor-widget-heading\" data-id=\"a4f7897\" data-element_type=\"widget\" data-e-type=\"widget\" data-widget_type=\"heading.default\">\n\t\t\t\t<div class=\"elementor-widget-container\">\n\t\t\t\t\t<h2 class=\"elementor-heading-title elementor-size-default\">\u0110\u01b0\u1ee3c x\u00e2y d\u1ef1ng \u0111\u1ec3 ph\u1ee5c h\u1ed3i: B\u1ea3o v\u1ec7 kh\u1ecfi c\u00e1c m\u1ed1i \u0111e d\u1ecda v\u1eadt l\u00fd v\u00e0 m\u1ea1ng<\/h2>\t\t\t\t<\/div>\n\t\t\t\t<\/div>\n\t\t\t\t<div class=\"elementor-element elementor-element-33418e8 elementor-widget elementor-widget-text-editor\" data-id=\"33418e8\" data-element_type=\"widget\" data-e-type=\"widget\" data-widget_type=\"text-editor.default\">\n\t\t\t\t<div class=\"elementor-widget-container\">\n\t\t\t\t\t\t\t\t\t<p>S\u00e2n bay ph\u1ea3i \u0111\u1ed1i m\u1eb7t v\u1edbi b\u1ed1i c\u1ea3nh \u0111e d\u1ecda thay \u0111\u1ed5i nhanh ch\u00f3ng, t\u1eeb m\u00e1y bay kh\u00f4ng ng\u01b0\u1eddi l\u00e1i v\u00e0 x\u00e2m nh\u1eadp \u0111\u1ebfn t\u1ea5n c\u00f4ng m\u1ea1ng v\u00e0 ph\u00e1 ho\u1ea1i c\u01a1 s\u1edf h\u1ea1 t\u1ea7ng. Ki\u1ebfn tr\u00fac linh ho\u1ea1t v\u00e0 c\u00f3 kh\u1ea3 n\u0103ng m\u1edf r\u1ed9ng c\u1ee7a Digifort cho ph\u00e9p b\u1ea1n: <\/p><ul><li>Ph\u00e1t hi\u1ec7n v\u00e0 \u1ee9ng ph\u00f3 v\u1edbi c\u00e1c m\u1ed1i \u0111e d\u1ecda m\u1edbi n\u1ed5i b\u1eb1ng c\u00f4ng ngh\u1ec7 ph\u00e2n t\u00edch video h\u1ed7 tr\u1ee3 AI<\/li><li>B\u1ea3o v\u1ec7 ch\u1ed1ng l\u1ea1i c\u00e1c cu\u1ed9c t\u1ea5n c\u00f4ng \u1edf c\u1ea5p \u0111\u1ed9 m\u1ea1ng b\u1eb1ng c\u00e1c bi\u1ec7n ph\u00e1p ki\u1ec3m so\u00e1t x\u00e1c th\u1ef1c v\u00e0 m\u00e3 h\u00f3a \u0111\u1ea7u cu\u1ed1i<\/li><li>Duy tr\u00ec ho\u1ea1t \u0111\u1ed9ng 24\/7 v\u1edbi m\u00e1y ch\u1ee7 d\u1ef1 ph\u00f2ng, \u0111\u1ed3ng b\u1ed9 h\u00f3a t\u1ef1 \u0111\u1ed9ng v\u00e0 kh\u1ea3 n\u0103ng t\u1ef1 ph\u1ee5c h\u1ed3i<\/li><\/ul><p> <\/p><p>N\u1ec1n t\u1ea3ng c\u1ee7a ch\u00fang t\u00f4i th\u00edch \u1ee9ng v\u1edbi nhu c\u1ea7u an ninh ng\u00e0y c\u00e0ng thay \u0111\u1ed5i c\u1ee7a s\u00e2n bay m\u00e0 kh\u00f4ng \u1ea3nh h\u01b0\u1edfng \u0111\u1ebfn t\u00ednh \u1ed5n \u0111\u1ecbnh ho\u1eb7c hi\u1ec7u su\u1ea5t.<\/p><p>B\u1ea1n c\u00f3 t\u1ef1 tin r\u1eb1ng h\u1ec7 th\u1ed1ng hi\u1ec7n t\u1ea1i c\u1ee7a b\u1ea1n c\u00f3 th\u1ec3 th\u00edch \u1ee9ng v\u1edbi c\u00e1c m\u1ed1i \u0111e d\u1ecda m\u1edbi theo th\u1eddi gian th\u1ef1c kh\u00f4ng?<\/p>\t\t\t\t\t\t\t\t<\/div>\n\t\t\t\t<\/div>\n\t\t\t\t<div class=\"elementor-element elementor-element-ee7069a elementor-widget elementor-widget-heading\" data-id=\"ee7069a\" data-element_type=\"widget\" data-e-type=\"widget\" data-widget_type=\"heading.default\">\n\t\t\t\t<div class=\"elementor-widget-container\">\n\t\t\t\t\t<h2 class=\"elementor-heading-title elementor-size-default\">K\u1ebft n\u1ed1i h\u1ec7 th\u1ed1ng, lo\u1ea1i b\u1ecf c\u00e1c silo<\/h2>\t\t\t\t<\/div>\n\t\t\t\t<\/div>\n\t\t\t\t<div class=\"elementor-element elementor-element-f7929a1 elementor-widget elementor-widget-text-editor\" data-id=\"f7929a1\" data-element_type=\"widget\" data-e-type=\"widget\" data-widget_type=\"text-editor.default\">\n\t\t\t\t<div class=\"elementor-widget-container\">\n\t\t\t\t\t\t\t\t\tTrong khi nhi\u1ec1u s\u00e2n bay \u0111\u00e3 hi\u1ec7n \u0111\u1ea1i h\u00f3a c\u00e1c d\u1ecbch v\u1ee5 h\u00e0nh kh\u00e1ch (nh\u01b0 ki-\u1ed1t v\u00e0 c\u1ed5ng t\u1ef1 ph\u1ee5c v\u1ee5), h\u1ec7 th\u1ed1ng an ninh c\u1ee7a h\u1ecd th\u01b0\u1eddng v\u1eabn b\u1ecb ph\u00e2n m\u1ea3nh, c\u00f4 l\u1eadp d\u1eef li\u1ec7u c\u00f3 gi\u00e1 tr\u1ecb nh\u01b0 c\u1ea3nh quay gi\u00e1m s\u00e1t, nh\u1eadt k\u00fd b\u00e1o \u0111\u1ed9ng v\u00e0 th\u00f4ng tin chi ti\u1ebft v\u1ec1 ho\u1ea1t \u0111\u1ed9ng.\n\n Digifort Smart Connect thu h\u1eb9p kho\u1ea3ng c\u00e1ch n\u00e0y b\u1eb1ng c\u00e1ch t\u00edch h\u1ee3p v\u1edbi c\u00e1c h\u1ec7 th\u1ed1ng c\u1ee7a b\u00ean th\u1ee9 ba, ch\u1eb3ng h\u1ea1n nh\u01b0 ki\u1ec3m so\u00e1t truy c\u1eadp, BMS, c\u1ea3m bi\u1ebfn IoT v\u00e0 b\u1ea3ng \u0111i\u1ec1u khi\u1ec3n ph\u00f2ng ch\u00e1y ch\u1eefa ch\u00e1y, \u0111\u1ec3 cho ph\u00e9p c\u1ed9ng t\u00e1c theo th\u1eddi gian th\u1ef1c v\u00e0 ra quy\u1ebft \u0111\u1ecbnh t\u1ef1 \u0111\u1ed9ng tr\u00ean to\u00e0n b\u1ed9 ho\u1ea1t \u0111\u1ed9ng t\u1ea1i s\u00e2n bay c\u1ee7a b\u1ea1n.\t\t\t\t\t\t\t\t<\/div>\n\t\t\t\t<\/div>\n\t\t\t\t<div class=\"elementor-element elementor-element-d7579f5 elementor-widget elementor-widget-heading\" data-id=\"d7579f5\" data-element_type=\"widget\" data-e-type=\"widget\" data-widget_type=\"heading.default\">\n\t\t\t\t<div class=\"elementor-widget-container\">\n\t\t\t\t\t<h2 class=\"elementor-heading-title elementor-size-default\">Chuy\u1ec3n \u0111\u1ed5i c\u01a1 s\u1edf h\u1ea1 t\u1ea7ng an ninh th\u00e0nh t\u00e0i s\u1ea3n chi\u1ebfn l\u01b0\u1ee3c<\/h2>\t\t\t\t<\/div>\n\t\t\t\t<\/div>\n\t\t\t\t<div class=\"elementor-element elementor-element-65e37fd elementor-widget elementor-widget-text-editor\" data-id=\"65e37fd\" data-element_type=\"widget\" data-e-type=\"widget\" data-widget_type=\"text-editor.default\">\n\t\t\t\t<div class=\"elementor-widget-container\">\n\t\t\t\t\t\t\t\t\t<p>T\u1eeb vi\u1ec7c qu\u1ea3n l\u00fd ho\u1ea1t \u0111\u1ed9ng \u0111\u01b0\u1eddng b\u0103ng \u0111\u1ebfn nh\u00e2n s\u1ef1 nh\u00e0 ga, c\u00e1c s\u00e2n bay \u0111\u1ec1u d\u1ef1a v\u00e0o c\u00e1c ch\u1ec9 s\u1ed1 hi\u1ec7u su\u1ea5t \u0111\u1ec3 \u0111\u01b0a ra quy\u1ebft \u0111\u1ecbnh. Digifort bi\u1ebfn c\u01a1 s\u1edf h\u1ea1 t\u1ea7ng gi\u00e1m s\u00e1t c\u1ee7a b\u1ea1n th\u00e0nh m\u1ed9t trung t\u00e2m ch\u1ec9 huy gi\u00e0u d\u1eef li\u1ec7u, gi\u00fap b\u1ea1n: <\/p><ul><li>Theo d\u00f5i l\u01b0u l\u01b0\u1ee3ng \u0111\u00e1m \u0111\u00f4ng, th\u1eddi gian d\u1eebng ch\u00e2n v\u00e0 m\u1eadt \u0111\u1ed9 ng\u01b0\u1eddi qua l\u1ea1i b\u1eb1ng Neural Analytics<\/li><li>Theo d\u00f5i chuy\u1ec3n \u0111\u1ed9ng c\u1ee7a xe b\u1eb1ng Nh\u1eadn d\u1ea1ng bi\u1ec3n s\u1ed1 xe (LPR)<\/li><li>Qu\u1ea3n l\u00fd c\u00e1c c\u00e1 nh\u00e2n VIP v\u00e0 theo d\u00f5i b\u1eb1ng Nh\u1eadn d\u1ea1ng khu\u00f4n m\u1eb7t<\/li><li>S\u1eed d\u1ee5ng C\u00f4ng c\u1ee5 b\u1ea3ng \u0111i\u1ec1u khi\u1ec3n Digifort (DDT) \u0111\u1ec3 tr\u1ef1c quan h\u00f3a t\u00ecnh tr\u1ea1ng h\u1ec7 th\u1ed1ng v\u00e0 KPI theo th\u1eddi gian th\u1ef1c<\/li><\/ul><p>B\u1ea1n c\u00f3 \u0111ang t\u1eadn d\u1ee5ng h\u1ec7 th\u1ed1ng an ninh c\u1ee7a m\u00ecnh \u0111\u1ec3 t\u1ed1i \u01b0u h\u00f3a hi\u1ec7u qu\u1ea3 c\u1ee7a s\u00e2n bay ch\u1ee9 kh\u00f4ng ch\u1ec9 gi\u00e1m s\u00e1t n\u00f3 kh\u00f4ng?<\/p>\t\t\t\t\t\t\t\t<\/div>\n\t\t\t\t<\/div>\n\t\t\t\t<div class=\"elementor-element elementor-element-6c64c71 elementor-widget elementor-widget-heading\" data-id=\"6c64c71\" data-element_type=\"widget\" data-e-type=\"widget\" data-widget_type=\"heading.default\">\n\t\t\t\t<div class=\"elementor-widget-container\">\n\t\t\t\t\t<h2 class=\"elementor-heading-title elementor-size-default\">T\u1ea1i sao n\u00ean d\u00f9ng Digifort cho S\u00e2n bay?<\/h2>\t\t\t\t<\/div>\n\t\t\t\t<\/div>\n\t\t\t\t<div class=\"elementor-element elementor-element-ef6658b elementor-widget elementor-widget-text-editor\" data-id=\"ef6658b\" data-element_type=\"widget\" data-e-type=\"widget\" data-widget_type=\"text-editor.default\">\n\t\t\t\t<div class=\"elementor-widget-container\">\n\t\t\t\t\t\t\t\t\t<ul><li>N\u1ec1n t\u1ea3ng h\u1ee3p nh\u1ea5t cho video, \u00e2m thanh, ki\u1ec3m so\u00e1t truy c\u1eadp, b\u00e1o \u0111\u1ed9ng, IoT v\u00e0 ph\u00e2n t\u00edch<\/li><li>C\u00f3 th\u1ec3 m\u1edf r\u1ed9ng v\u00e0 c\u00f3 th\u1ec3 \u0111i\u1ec1u ch\u1ec9nh \u0111\u1ec3 ph\u00f9 h\u1ee3p v\u1edbi m\u1ecdi quy m\u00f4 ho\u1eb7c y\u00eau c\u1ea7u c\u1ee7a s\u00e2n bay<\/li><li>\u0110\u01b0\u1ee3c tin c\u1eady b\u1edfi c\u00e1c m\u00f4i tr\u01b0\u1eddng quan tr\u1ecdng tr\u00ean to\u00e0n th\u1ebf gi\u1edbi<\/li><li>\u0110\u01b0\u1ee3c x\u00e2y d\u1ef1ng \u0111\u1ec3 ph\u00e1t tri\u1ec3n b\u1ec1n v\u1eefng trong t\u01b0\u01a1ng lai, kh\u00f4ng ch\u1ec9 cho nh\u1eefng th\u00e1ch th\u1ee9c hi\u1ec7n t\u1ea1i<\/li><\/ul><p> <\/p><p>T\u1eeb khu v\u1ef1c h\u00e0ng kh\u00f4ng \u0111\u1ebfn khu v\u1ef1c \u0111\u1ea5t li\u1ec1n, Digifort gi\u00fap c\u00e1c \u0111\u1ed9i an ninh s\u00e2n bay l\u00e0m vi\u1ec7c th\u00f4ng minh h\u01a1n, ph\u1ea3n \u1ee9ng nhanh h\u01a1n v\u00e0 t\u1ea1o ra tr\u1ea3i nghi\u1ec7m du l\u1ecbch an to\u00e0n h\u01a1n.<\/p>\t\t\t\t\t\t\t\t<\/div>\n\t\t\t\t<\/div>\n\t\t\t\t\t<\/div>\n\t\t\t\t<\/div>\n\t\t\t\t<\/div>\n\t\t","protected":false},"excerpt":{"rendered":"<p>Digifort cho S\u00e2n bay \u0110\u1ea3m b\u1ea3o t\u01b0\u01a1ng lai c\u1ee7a du l\u1ecbch h\u00e0ng kh\u00f4ng v\u1edbi Digifort S\u00e2n bay \u0111ang ph\u00e1t tri\u1ec3n, an ninh c\u1ee7a b\u1ea1n c\u0169ng v\u1eady S\u00e2n bay ng\u00e0y nay kh\u00f4ng ch\u1ec9 l\u00e0 trung t\u00e2m trung chuy\u1ec3n, m\u00e0 c\u00f2n l\u00e0 m\u00f4i tr\u01b0\u1eddng n\u0103ng \u0111\u1ed9ng, \u0111\u00f4ng \u0111\u00fac, k\u1ebft h\u1ee3p giao th\u00f4ng v\u1eadn t\u1ea3i, b\u00e1n l\u1ebb, d\u1ecbch [&hellip;]<\/p>\n","protected":false},"author":2,"featured_media":0,"parent":10074,"menu_order":0,"comment_status":"closed","ping_status":"closed","template":"","meta":{"footnotes":""},"class_list":["post-10179","page","type-page","status-publish","hentry"],"_links":{"self":[{"href":"https:\/\/digifort.global\/vi\/wp-json\/wp\/v2\/pages\/10179","targetHints":{"allow":["GET"]}}],"collection":[{"href":"https:\/\/digifort.global\/vi\/wp-json\/wp\/v2\/pages"}],"about":[{"href":"https:\/\/digifort.global\/vi\/wp-json\/wp\/v2\/types\/page"}],"author":[{"embeddable":true,"href":"https:\/\/digifort.global\/vi\/wp-json\/wp\/v2\/users\/2"}],"replies":[{"embeddable":true,"href":"https:\/\/digifort.global\/vi\/wp-json\/wp\/v2\/comments?post=10179"}],"version-history":[{"count":1,"href":"https:\/\/digifort.global\/vi\/wp-json\/wp\/v2\/pages\/10179\/revisions"}],"predecessor-version":[{"id":10184,"href":"https:\/\/digifort.global\/vi\/wp-json\/wp\/v2\/pages\/10179\/revisions\/10184"}],"up":[{"embeddable":true,"href":"https:\/\/digifort.global\/vi\/wp-json\/wp\/v2\/pages\/10074"}],"wp:attachment":[{"href":"https:\/\/digifort.global\/vi\/wp-json\/wp\/v2\/media?parent=10179"}],"curies":[{"name":"wp","href":"https:\/\/api.w.org\/{rel}","templated":true}]}}